{"id":1461,"date":"2017-06-10T16:25:21","date_gmt":"2017-06-10T14:25:21","guid":{"rendered":"https:\/\/uskrzydleni.com\/forms-of-support-private-individual\/"},"modified":"2017-06-10T16:25:21","modified_gmt":"2017-06-10T14:25:21","slug":"forms-of-support-private-individual","status":"publish","type":"page","link":"https:\/\/uskrzydleni.com\/en\/forms-of-support-private-individual\/","title":{"rendered":"Forms of support &#8211; private individual"},"content":{"rendered":"<p>[vc_row full_width=&#8221;stretch_row_content_no_spaces&#8221; css=&#8221;.vc_custom_1552140338795{margin-top: 150px !important;padding-top: 100px !important;padding-bottom: 60px !important;background-image: url(https:\/\/uskrzydleni.com\/wp-content\/uploads\/2019\/03\/image-from-rawpixel-id-385522-jpeg-\u2014-kopia.jpg?id=836) !important;}&#8221;][vc_column][vc_column_text]<\/p>\n<h1 style=\"color: #718ec9; text-align: center;\">FORMS OF SUPPORT<\/h1>\n<h2 style=\"color: #718ec9; text-align: center;\">Private individual<\/h2>\n<p>[\/vc_column_text][\/vc_column][\/vc_row][vc_row css=&#8221;.vc_custom_1552145772926{padding-top: 80px !important;padding-bottom: 80px !important;}&#8221; el_id=&#8221;darowizna&#8221;][vc_column]<div class=\"title-center\"><div class=\"dt-title-wrapper section-title-big style-2\"><h2 class=\"section-title\">DONATION<\/h2><svg class=\"zigzag\" version=\"1.1\" xmlns=\"http:\/\/www.w3.org\/2000\/svg\" xmlns:xlink=\"http:\/\/www.w3.org\/1999\/xlink\" preserveAspectRatio=\"xMidYMid meet\" viewBox=\"0 0 90 8\" width=\"90\" height=\"8\"><defs><path d=\"M90 8L82.5 0L75 8L67.5 0L60 8L52.5 0L45 8L37.5 0L30 8L22.5 0L15 8L7.5 0L0 8\" id=\"a6L8UcKib\"><\/path><\/defs><g><g><use xlink:href=\"#a6L8UcKib\" opacity=\"1\" fill-opacity=\"0\" stroke=\"#000000\" stroke-width=\"1\" stroke-opacity=\"1\"><\/use><\/g><\/g><\/svg><h4 class=\"section-tagline\">Wp\u0142acaj\u0105c darowizn\u0119 na konto Fundacji Uskrzydleni, pomagasz razem z nami.<\/h4><\/div><\/div>[vc_empty_space height=&#8221;15px&#8221;][vc_column_text]<\/p>\n<p style=\"text-align: center;\">You decide on the amount and on which of our activities you want to support:<\/p>\n<p>[\/vc_column_text][vc_row_inner equal_height=&#8221;yes&#8221; content_placement=&#8221;middle&#8221; gap=&#8221;20&#8243; css=&#8221;.vc_custom_1552141413559{padding-bottom: 40px !important;}&#8221;][vc_column_inner width=&#8221;1\/4&#8243; css=&#8221;.vc_custom_1552141202851{background-color: #fafafa !important;}&#8221;][vc_column_text css=&#8221;.vc_custom_1552141293766{padding-right: 10px !important;padding-left: 10px !important;}&#8221;]<\/p>\n<h4 style=\"text-align: center;\">\u201eNibylandia\u201c<\/h4>\n<p style=\"text-align: center;\">we help children to spread their wings<\/p>\n<p>[\/vc_column_text][\/vc_column_inner][vc_column_inner width=&#8221;1\/4&#8243; css=&#8221;.vc_custom_1552141213950{background-color: #fafafa !important;}&#8221;][vc_column_text css=&#8221;.vc_custom_1552141270309{padding-right: 10px !important;padding-left: 10px !important;}&#8221;]<\/p>\n<h4 style=\"text-align: center;\">THE BIBLE IN SIGN LANGUAGE<\/h4>\n<p style=\"text-align: center;\">translation of the Bible into sign language so that deaf people can get to know it in their own language<\/p>\n<p>[\/vc_column_text][\/vc_column_inner][vc_column_inner width=&#8221;1\/4&#8243; css=&#8221;.vc_custom_1552141254626{background-color: #fafafa !important;}&#8221;][vc_column_text css=&#8221;.vc_custom_1612795028584{padding-right: 10px !important;padding-left: 10px !important;}&#8221;]<\/p>\n<h4 style=\"text-align: center;\">SCOUTING<\/h4>\n<p style=\"text-align: center;\">supporting activities of Christian Scouting<\/p>\n<p>[\/vc_column_text][\/vc_column_inner][vc_column_inner width=&#8221;1\/4&#8243; css=&#8221;.vc_custom_1552141261810{background-color: #fafafa !important;}&#8221;][vc_column_text css=&#8221;.vc_custom_1552141609834{padding-right: 10px !important;padding-left: 10px !important;}&#8221;]<\/p>\n<h4 style=\"text-align: center;\">PARENTHOOD<\/h4>\n<p style=\"text-align: center;\">trainings and workshops for parents<\/p>\n<p>[\/vc_column_text][\/vc_column_inner][\/vc_row_inner][vc_column_text]<\/p>\n<h4 style=\"text-align: center;\">Give wings with us<\/h4>\n<p style=\"text-align: center;\">You can make a donation electronically or traditionally to our account number<br \/>\n20 1090 1476 0000 0001 4333 0236<\/p>\n<p>[\/vc_column_text][\/vc_column][\/vc_row][vc_row full_width=&#8221;stretch_row&#8221; css=&#8221;.vc_custom_1552142148263{padding-top: 80px !important;padding-bottom: 80px !important;background-color: #f4f7fc !important;}&#8221; el_id=&#8221;regularne&#8221;][vc_column]<div class=\"title-center\"><div class=\"dt-title-wrapper section-title-big style-2\"><h2 class=\"section-title\">REGULAR SUPPORT<\/h2><svg class=\"zigzag\" version=\"1.1\" xmlns=\"http:\/\/www.w3.org\/2000\/svg\" xmlns:xlink=\"http:\/\/www.w3.org\/1999\/xlink\" preserveAspectRatio=\"xMidYMid meet\" viewBox=\"0 0 90 8\" width=\"90\" height=\"8\"><defs><path d=\"M90 8L82.5 0L75 8L67.5 0L60 8L52.5 0L45 8L37.5 0L30 8L22.5 0L15 8L7.5 0L0 8\" id=\"a6L8UcKib\"><\/path><\/defs><g><g><use xlink:href=\"#a6L8UcKib\" opacity=\"1\" fill-opacity=\"0\" stroke=\"#000000\" stroke-width=\"1\" stroke-opacity=\"1\"><\/use><\/g><\/g><\/svg><h4 class=\"section-tagline\">Regularne wp\u0142aty to prosty spos\u00f3b pomagania.<\/h4><\/div><\/div>[vc_empty_space height=&#8221;15px&#8221;][vc_column_text]<\/p>\n<p style=\"text-align: center;\">Your 10, 50 or 100 zlotys are food for children in \u201eNibylandia\u201c, art activities, or a new tent for scouts.<br \/>\nAll you need to do is set up a permanent transfer on your bank account and an amount declared by you will be credited to the Foundation&#8217;s account every month.<\/p>\n<p>[\/vc_column_text][vc_column_text]<\/p>\n<h4 style=\"text-align: center;\">Give wings with us regularly<\/h4>\n<p style=\"text-align: center;\">Would you like to support us with 1% of your income once a month?<br \/>\nOur bank account: 20 1090 1476 0000 0001 4333 0236<\/p>\n<p>[\/vc_column_text][\/vc_column][\/vc_row][vc_row css=&#8221;.vc_custom_1552142156385{padding-top: 80px !important;padding-bottom: 80px !important;}&#8221; el_id=&#8221;fb&#8221;][vc_column]<div class=\"title-center\"><div class=\"dt-title-wrapper section-title-big style-2\"><h2 class=\"section-title\">FUND-RAISER ON FACEBOOK<\/h2><svg class=\"zigzag\" version=\"1.1\" xmlns=\"http:\/\/www.w3.org\/2000\/svg\" xmlns:xlink=\"http:\/\/www.w3.org\/1999\/xlink\" preserveAspectRatio=\"xMidYMid meet\" viewBox=\"0 0 90 8\" width=\"90\" height=\"8\"><defs><path d=\"M90 8L82.5 0L75 8L67.5 0L60 8L52.5 0L45 8L37.5 0L30 8L22.5 0L15 8L7.5 0L0 8\" id=\"a6L8UcKib\"><\/path><\/defs><g><g><use xlink:href=\"#a6L8UcKib\" opacity=\"1\" fill-opacity=\"0\" stroke=\"#000000\" stroke-width=\"1\" stroke-opacity=\"1\"><\/use><\/g><\/g><\/svg><h4 class=\"section-tagline\">Za\u0142\u00f3\u017c zbi\u00f3rk\u0119 i zapro\u015b przyjaci\u00f3\u0142 i rodzin\u0119 do pomagania.<\/h4><\/div><\/div>[vc_empty_space height=&#8221;15px&#8221;][vc_column_text]<\/p>\n<p style=\"text-align: center;\">Collected money will be donated to our statutory purposes. All collected funds will go to the official bank account of our foundation.<br \/>\nIt is not as difficult as you think.<\/p>\n<p>[\/vc_column_text][vc_column_text]<\/p>\n<h4 style=\"text-align: center;\">How to set up a fundraiser?<\/h4>\n<p>[\/vc_column_text]<div class=\"button-center\"><a target=\"_blank\" class=\"dt-button bleumarin  round alt dt-icon-left\" href=\"https:\/\/www.facebook.com\/f.uskrzydleni\">VISIT OUR FANPAGE<\/a><\/div>[vc_row_inner equal_height=&#8221;yes&#8221; content_placement=&#8221;middle&#8221; gap=&#8221;20&#8243; css=&#8221;.vc_custom_1552141413559{padding-bottom: 40px !important;}&#8221;][vc_column_inner width=&#8221;1\/4&#8243;]<div class=\"process-item-wrapper normal \" ><h3 class=\"process-item-title\"><span class=\"pi-title\">1.<\/span><span class=\"process-item-symbol\"><span><\/span><\/span><\/h3><div class=\"process-item-content\"><\/p>\n<p style=\"text-align: center;\">Go to the &#8220;Fundraising&#8221; tab and press \u201eCreate\u201d<\/p>\n<p><\/div><\/div>[\/vc_column_inner][vc_column_inner width=&#8221;1\/4&#8243;]<div class=\"process-item-wrapper normal \" ><h3 class=\"process-item-title\"><span class=\"pi-title\">2.<\/span><span class=\"process-item-symbol\"><span><\/span><\/span><\/h3><div class=\"process-item-content\"><\/p>\n<p style=\"text-align: center;\">Decide how much money you want to collect and in what time<\/p>\n<p><\/div><\/div>[\/vc_column_inner][vc_column_inner width=&#8221;1\/4&#8243;]<div class=\"process-item-wrapper normal \" ><h3 class=\"process-item-title\"><span class=\"pi-title\">3.<\/span><span class=\"process-item-symbol\"><span><\/span><\/span><\/h3><div class=\"process-item-content\"><\/p>\n<p style=\"text-align: center;\">Name a fundraiser and explain to your friends, why you are collecting for this purpose<\/p>\n<p><\/div><\/div>[\/vc_column_inner][vc_column_inner width=&#8221;1\/4&#8243;]<div class=\"process-item-wrapper normal \" ><h3 class=\"process-item-title\"><span class=\"pi-title\">4.<\/span><span class=\"process-item-symbol\"><span><\/span><\/span><\/h3><div class=\"process-item-content\"><\/p>\n<p style=\"text-align: center;\">Create a fundraiser. Invite your friends to participate.<\/p>\n<p><\/div><\/div>[\/vc_column_inner][\/vc_row_inner][\/vc_column][\/vc_row][vc_row full_width=&#8221;stretch_row&#8221; parallax=&#8221;content-moving&#8221; parallax_image=&#8221;886&#8243; css=&#8221;.vc_custom_1552155378769{padding-top: 80px !important;padding-bottom: 80px !important;}&#8221; dt_color=&#8221;#fcfcfc&#8221; dt_color_opacity=&#8221;90&#8243; el_id=&#8221;slub&#8221;][vc_column]<div class=\"title-center\"><div class=\"dt-title-wrapper section-title-big style-2\"><h2 class=\"section-title\">WEDDING FUND-RAISER<\/h2><svg class=\"zigzag\" version=\"1.1\" xmlns=\"http:\/\/www.w3.org\/2000\/svg\" xmlns:xlink=\"http:\/\/www.w3.org\/1999\/xlink\" preserveAspectRatio=\"xMidYMid meet\" viewBox=\"0 0 90 8\" width=\"90\" height=\"8\"><defs><path d=\"M90 8L82.5 0L75 8L67.5 0L60 8L52.5 0L45 8L37.5 0L30 8L22.5 0L15 8L7.5 0L0 8\" id=\"a6L8UcKib\"><\/path><\/defs><g><g><use xlink:href=\"#a6L8UcKib\" opacity=\"1\" fill-opacity=\"0\" stroke=\"#000000\" stroke-width=\"1\" stroke-opacity=\"1\"><\/use><\/g><\/g><\/svg><h4 class=\"section-tagline\">\u015alub to wspania\u0142a okazja do pomagania.<\/h4><\/div><\/div>[vc_empty_space height=&#8221;15px&#8221;][vc_column_text]<\/p>\n<p style=\"text-align: center;\">If you want this special day to be also a great opportunity to give someone wings, we will help you do it.<br \/>\nCall us and you will find out how easily you and your wedding guests can share your happiness.<\/p>\n<p style=\"text-align: center;\"><strong>Responsible person:<\/strong> Sarah Taylor<br \/>\n<a href=\"mailto:s.taylor@uskrzydleni.com\">s.taylor@uskrzydleni.com<\/a><br \/>\nTel. <a href=\"te:+48502259260\">502 259 260<\/a><\/p>\n<p>[\/vc_column_text][vc_single_image image=&#8221;895&#8243; alignment=&#8221;center&#8221;][\/vc_column][\/vc_row][vc_row full_width=&#8221;stretch_row&#8221; css=&#8221;.vc_custom_1552145529016{padding-top: 80px !important;padding-bottom: 80px !important;}&#8221; el_id=&#8221;wolontariat&#8221;][vc_column]<div class=\"title-center\"><div class=\"dt-title-wrapper section-title-big style-2\"><h2 class=\"section-title\">EMPLOYEE VOLUNTEERING<\/h2><svg class=\"zigzag\" version=\"1.1\" xmlns=\"http:\/\/www.w3.org\/2000\/svg\" xmlns:xlink=\"http:\/\/www.w3.org\/1999\/xlink\" preserveAspectRatio=\"xMidYMid meet\" viewBox=\"0 0 90 8\" width=\"90\" height=\"8\"><defs><path d=\"M90 8L82.5 0L75 8L67.5 0L60 8L52.5 0L45 8L37.5 0L30 8L22.5 0L15 8L7.5 0L0 8\" id=\"a6L8UcKib\"><\/path><\/defs><g><g><use xlink:href=\"#a6L8UcKib\" opacity=\"1\" fill-opacity=\"0\" stroke=\"#000000\" stroke-width=\"1\" stroke-opacity=\"1\"><\/use><\/g><\/g><\/svg><h4 class=\"section-tagline\">Fundacja Uskrzydleni mo\u017ce pomaga\u0107 dzi\u0119ki wolontariuszom, kt\u00f3rzy nie boj\u0105 si\u0119 wyzwa\u0144.<\/h4><\/div><\/div>[vc_empty_space height=&#8221;15px&#8221;][vc_column_text]<\/p>\n<p style=\"text-align: center;\">They dared to do good and now helping is in their blood.<br \/>\nYou can join us. If you don&#8217;t know how you can help, we will give you some hints.<\/p>\n<h4 style=\"text-align: center;\">Call us and give us wings<\/h4>\n<p style=\"text-align: center;\"><strong>Responsible person:<\/strong> Ewa Krystkiewicz<br \/>\n<a href=\"mailto:e.krystkiewicz@uskrzydleni.com\">e.krystkiewicz@uskrzydleni.com<\/a><br \/>\n<a href=\"tel:+48508353909\">508 353 909<\/a><\/p>\n<p>[\/vc_column_text][\/vc_column][\/vc_row]<\/p>\n","protected":false},"excerpt":{"rendered":"<p>[vc_row full_width=&#8221;stretch_row_content_no_spaces&#8221; css=&#8221;.vc_custom_1552140338795{margin-top: 150px !important;padding-top: 100px !important;padding-bottom: 60px !important;background-image: url(https:\/\/uskrzydleni.com\/wp-content\/uploads\/2019\/03\/image-from-rawpixel-id-385522-jpeg-\u2014-kopia.jpg?id=836) !important;}&#8221;][vc_column][vc_column_text] FORMS OF SUPPORT Private individual [\/vc_column_text][\/vc_column][\/vc_row][vc_row css=&#8221;.vc_custom_1552145772926{padding-top:&#8230; <a class=\"excerpt-read-more\" href=\"https:\/\/uskrzydleni.com\/en\/forms-of-support-private-individual\/\"><span>Read More<\/span><\/a><\/p>\n","protected":false},"author":1,"featured_media":0,"parent":0,"menu_order":0,"comment_status":"closed","ping_status":"closed","template":"template-homepage.php","meta":{"footnotes":""},"_links":{"self":[{"href":"https:\/\/uskrzydleni.com\/en\/wp-json\/wp\/v2\/pages\/1461"}],"collection":[{"href":"https:\/\/uskrzydleni.com\/en\/wp-json\/wp\/v2\/pages"}],"about":[{"href":"https:\/\/uskrzydleni.com\/en\/wp-json\/wp\/v2\/types\/page"}],"author":[{"embeddable":true,"href":"https:\/\/uskrzydleni.com\/en\/wp-json\/wp\/v2\/users\/1"}],"replies":[{"embeddable":true,"href":"https:\/\/uskrzydleni.com\/en\/wp-json\/wp\/v2\/comments?post=1461"}],"version-history":[{"count":0,"href":"https:\/\/uskrzydleni.com\/en\/wp-json\/wp\/v2\/pages\/1461\/revisions"}],"wp:attachment":[{"href":"https:\/\/uskrzydleni.com\/en\/wp-json\/wp\/v2\/media?parent=1461"}],"curies":[{"name":"wp","href":"https:\/\/api.w.org\/{rel}","templated":true}]}}