{"id":1460,"date":"2017-06-09T04:14:27","date_gmt":"2017-06-09T02:14:27","guid":{"rendered":"https:\/\/uskrzydleni.com\/forms-of-support-companies\/"},"modified":"2017-06-09T04:14:27","modified_gmt":"2017-06-09T02:14:27","slug":"forms-of-support-companies","status":"publish","type":"page","link":"https:\/\/uskrzydleni.com\/en\/forms-of-support-companies\/","title":{"rendered":"Forms of support &#8211; companies"},"content":{"rendered":"<p>[vc_row full_width=&#8221;stretch_row_content_no_spaces&#8221; css=&#8221;.vc_custom_1552146106551{padding-top: 100px !important;padding-bottom: 60px !important;background-image: url(https:\/\/uskrzydleni.com\/wp-content\/uploads\/2019\/03\/image-from-rawpixel-id-385522-jpeg-\u2014-kopia.jpg?id=836) !important;}&#8221;][vc_column][vc_column_text]<\/p>\n<h1 style=\"color: #718ec9; text-align: center;\">FORMS OF SUPPORT<\/h1>\n<h2 style=\"color: #718ec9; text-align: center;\">Companies<\/h2>\n<p>[\/vc_column_text][\/vc_column][\/vc_row][vc_row css=&#8221;.vc_custom_1552147367489{padding-top: 80px !important;padding-bottom: 80px !important;}&#8221; el_id=&#8221;darowizna&#8221;][vc_column]<div class=\"title-center\"><div class=\"dt-title-wrapper section-title-big style-2\"><h2 class=\"section-title\">DONATION<\/h2><svg class=\"zigzag\" version=\"1.1\" xmlns=\"http:\/\/www.w3.org\/2000\/svg\" xmlns:xlink=\"http:\/\/www.w3.org\/1999\/xlink\" preserveAspectRatio=\"xMidYMid meet\" viewBox=\"0 0 90 8\" width=\"90\" height=\"8\"><defs><path d=\"M90 8L82.5 0L75 8L67.5 0L60 8L52.5 0L45 8L37.5 0L30 8L22.5 0L15 8L7.5 0L0 8\" id=\"a6L8UcKib\"><\/path><\/defs><g><g><use xlink:href=\"#a6L8UcKib\" opacity=\"1\" fill-opacity=\"0\" stroke=\"#000000\" stroke-width=\"1\" stroke-opacity=\"1\"><\/use><\/g><\/g><\/svg><h4 class=\"section-tagline\">Dziel\u0105c si\u0119 z nami swoimi zyskami umo\u017cliwiasz nam realizowanie naszych projekt\u00f3w.<\/h4><\/div><\/div>[vc_column_text]<\/p>\n<p style=\"text-align: center;\">Your company can become our partner in giving wings.<br \/>\nChoose a form of cooperation and contact us<\/p>\n<p>[\/vc_column_text][vc_empty_space height=&#8221;10&#8243;][vc_row_inner][vc_column_inner width=&#8221;1\/5&#8243;][\/vc_column_inner][vc_column_inner width=&#8221;1\/5&#8243; dt_animation=&#8221;wow fadeInUp&#8221;][vc_column_text]<\/p>\n<h4 style=\"text-align: center; color: #738fc9;\">BARTER<\/h4>\n<p>[\/vc_column_text][\/vc_column_inner][vc_column_inner width=&#8221;1\/5&#8243; dt_animation=&#8221;wow fadeInUp&#8221; dt_animation_delay=&#8221;0.3&#8243;][vc_column_text]<\/p>\n<h4 style=\"text-align: center; color: #738fc9;\">DONATION<\/h4>\n<p>[\/vc_column_text][\/vc_column_inner][vc_column_inner width=&#8221;1\/5&#8243; dt_animation=&#8221;wow fadeInUp&#8221; dt_animation_delay=&#8221;0.6&#8243;][vc_column_text]<\/p>\n<h4 style=\"text-align: center; color: #738fc9;\">SPONSORSHIP<\/h4>\n<p>[\/vc_column_text][\/vc_column_inner][vc_column_inner width=&#8221;1\/5&#8243;][\/vc_column_inner][\/vc_row_inner][vc_empty_space height=&#8221;10&#8243;][vc_column_text]<\/p>\n<p style=\"text-align: center;\">Join those who have decided to help with us:<\/p>\n<p>[\/vc_column_text][vc_column_text]<div  class=\"lgx_logo_slider_app_wrapper lgx-logo-slider-wp\"><div class=\"lgx-logo-wrapper  nav-position-b-center hover-none\"  ><div class=\"owl-carousel lgx-logo-carousel\"  data-autoplaytimeout=\"3000\"  data-autoplayspeed=\"200\"  data-margin=\"71\"  data-loop=\"true\"  data-autoplay=\"true\"  data-autoplayhoverpause=\"true\"  data-dots=\"true\"  data-itemlarge=\"5\"  data-itemdesk=\"5\"  data-itemtablet=\"5\"  data-itemmobile=\"2\"  data-navlarge=\"false\"  data-navdesk=\"false\"  data-navtablet=\"false\"  data-navmobile=\"false\"  ><div class=\"item lgx-log-item\" ><div class=\"lgx-logo-item\" ><a href=\"https:\/\/freshmail.pl\/\" target=\"_blank\"><img decoding=\"async\" class=\"lgx-logo-img skip-lazy\" src=\"https:\/\/uskrzydleni.com\/wp-content\/uploads\/2021\/10\/freshmail_logo_ciemne.svg\" style=\"max-width: 300px;max-height: 60px;\"   alt=\"\" title=\"Freshmail\" \/><\/a><\/div><\/div><div class=\"item lgx-log-item\" ><div class=\"lgx-logo-item\" ><a href=\"https:\/\/dobroczynic.pl\/\" target=\"_blank\"><img decoding=\"async\" class=\"lgx-logo-img skip-lazy\" src=\"https:\/\/uskrzydleni.com\/wp-content\/uploads\/2021\/03\/DobroCzynic_poziom.svg\" style=\"max-width: 300px;max-height: 60px;\"   alt=\"\" title=\"Dobro Czyni\u0107 Misja\" \/><\/a><\/div><\/div><div class=\"item lgx-log-item\" ><div class=\"lgx-logo-item\" ><a href=\"http:\/\/polaszekrosada.pl\/\" target=\"_blank\"><img decoding=\"async\" class=\"lgx-logo-img skip-lazy\" src=\"https:\/\/uskrzydleni.com\/wp-content\/uploads\/2021\/03\/POLASZEKROSADA_logo.png\" style=\"max-width: 300px;max-height: 60px;\"   alt=\"\" title=\"Polaszek&Rosada - kancelaria prawna\" \/><\/a><\/div><\/div><div class=\"item lgx-log-item\" ><div class=\"lgx-logo-item\" ><a href=\"https:\/\/krzycze.art\/\" target=\"_blank\"><img decoding=\"async\" class=\"lgx-logo-img skip-lazy\" src=\"https:\/\/uskrzydleni.com\/wp-content\/uploads\/2021\/02\/KrzyczeArt_logo_ciemne.svg\" style=\"max-width: 300px;max-height: 60px;\"   alt=\"\" title=\"KrzyczeArt - Fotografia\" \/><\/a><\/div><\/div><div class=\"item lgx-log-item\" ><div class=\"lgx-logo-item\" ><a href=\"https:\/\/mavi.graphics\/\" target=\"_blank\"><img decoding=\"async\" class=\"lgx-logo-img skip-lazy\" src=\"https:\/\/uskrzydleni.com\/wp-content\/uploads\/2021\/02\/MAVI_outline_black.svg\" style=\"max-width: 300px;max-height: 60px;\"   alt=\"\" title=\"MAVI - projektowanie graficzne\" \/><\/a><\/div><\/div><div class=\"item lgx-log-item\" ><div class=\"lgx-logo-item\" ><a href=\"https:\/\/www.fibaro.com\/pl\/\" target=\"_blank\"><img decoding=\"async\" class=\"lgx-logo-img skip-lazy\" src=\"https:\/\/uskrzydleni.com\/wp-content\/uploads\/2021\/02\/fibaro_logotype_mobile_black.svg\" style=\"max-width: 300px;max-height: 60px;\"   alt=\"\" title=\"Fibaro\" \/><\/a><\/div><\/div><div class=\"item lgx-log-item\" ><div class=\"lgx-logo-item\" ><a href=\"https:\/\/foliedoksiazek.pl\/\" target=\"_blank\"><img decoding=\"async\" class=\"lgx-logo-img skip-lazy\" src=\"https:\/\/uskrzydleni.com\/wp-content\/uploads\/2021\/02\/FolieDoKsiazek.svg\" style=\"max-width: 300px;max-height: 60px;\"   alt=\"\" title=\"Folie do ksi\u0105\u017cek\" \/><\/a><\/div><\/div><div class=\"item lgx-log-item\" ><div class=\"lgx-logo-item\" ><a href=\"https:\/\/pepco.pl\/\" target=\"_blank\"><img decoding=\"async\" class=\"lgx-logo-img skip-lazy\" src=\"https:\/\/uskrzydleni.com\/wp-content\/uploads\/2021\/02\/pepco_logo.svg\" style=\"max-width: 300px;max-height: 60px;\"   alt=\"\" title=\"Pepco\" \/><\/a><\/div><\/div><\/div><\/div><\/div>[\/vc_column_text][\/vc_column][\/vc_row][vc_row full_width=&#8221;stretch_row&#8221; css=&#8221;.vc_custom_1552147534120{padding-top: 80px !important;padding-bottom: 80px !important;background-color: #f4f7fc !important;}&#8221; el_id=&#8221;wolontariat&#8221;][vc_column]<div class=\"title-center\"><div class=\"dt-title-wrapper section-title-big style-2\"><h2 class=\"section-title\">EMPLOYEE VOLUNTEERING<\/h2><svg class=\"zigzag\" version=\"1.1\" xmlns=\"http:\/\/www.w3.org\/2000\/svg\" xmlns:xlink=\"http:\/\/www.w3.org\/1999\/xlink\" preserveAspectRatio=\"xMidYMid meet\" viewBox=\"0 0 90 8\" width=\"90\" height=\"8\"><defs><path d=\"M90 8L82.5 0L75 8L67.5 0L60 8L52.5 0L45 8L37.5 0L30 8L22.5 0L15 8L7.5 0L0 8\" id=\"a6L8UcKib\"><\/path><\/defs><g><g><use xlink:href=\"#a6L8UcKib\" opacity=\"1\" fill-opacity=\"0\" stroke=\"#000000\" stroke-width=\"1\" stroke-opacity=\"1\"><\/use><\/g><\/g><\/svg><h4 class=\"section-tagline\">Chcia\u0142by\u015b zaanga\u017cowa\u0107 pracownik\u00f3w firmy w pomaganie? To ca\u0142kiem proste.<\/h4><\/div><\/div>[vc_column_text]<\/p>\n<p style=\"text-align: center;\">Helping does not always have to rely on material support. Your activities for the foundation are a great help.<br \/>\nEmployee volunteering can take various forms:<\/p>\n<p>[\/vc_column_text][vc_empty_space height=&#8221;10&#8243;][vc_row_inner css=&#8221;.vc_custom_1552148112526{padding-top: 30px !important;padding-bottom: 30px !important;}&#8221;][vc_column_inner width=&#8221;1\/4&#8243; dt_animation=&#8221;wow fadeInUp&#8221;][vc_column_text css_animation=&#8221;none&#8221;]<\/p>\n<p style=\"text-align: center; color: #738fc9;\">Help in conducting classes &#8211; share your passion<\/p>\n<p>[\/vc_column_text][\/vc_column_inner][vc_column_inner width=&#8221;1\/4&#8243; dt_animation=&#8221;wow fadeInUp&#8221; dt_animation_delay=&#8221;0.3&#8243;][vc_column_text css_animation=&#8221;none&#8221;]<\/p>\n<p style=\"text-align: center; color: #738fc9;\">Organizing special events<\/p>\n<p>[\/vc_column_text][\/vc_column_inner][vc_column_inner width=&#8221;1\/4&#8243; dt_animation=&#8221;wow fadeInUp&#8221; dt_animation_delay=&#8221;0.6&#8243;][vc_column_text]<\/p>\n<p style=\"text-align: center; color: #738fc9;\">Technical support<br \/>\n(repairs, renovations, etc.)<\/p>\n<p>[\/vc_column_text][\/vc_column_inner][vc_column_inner width=&#8221;1\/4&#8243; dt_animation=&#8221;wow fadeInUp&#8221; dt_animation_delay=&#8221;0.9&#8243;][vc_column_text]<\/p>\n<p style=\"text-align: center; color: #738fc9;\">Organizing collections, fairs, etc.<\/p>\n<p>[\/vc_column_text][\/vc_column_inner][\/vc_row_inner][vc_column_text css_animation=&#8221;none&#8221;]<\/p>\n<p style=\"text-align: center;\">It&#8217;s better in a team! Join our winged team with your colleagues.<\/p>\n<p style=\"text-align: center;\"><strong>Osoba odpowiedzialna:<\/strong> Micha\u0142 Melerowicz<br \/>\n<a href=\"mailto:m.melerowicz@uskrzydleni.com\">m.melerowicz@uskrzydleni.com<\/a><br \/>\nTel. 695 907 743<\/p>\n<p>[\/vc_column_text][vc_single_image image=&#8221;922&#8243; alignment=&#8221;center&#8221;][\/vc_column][\/vc_row][vc_row full_width=&#8221;stretch_row&#8221; css=&#8221;.vc_custom_1552148260847{padding-top: 80px !important;padding-bottom: 80px !important;}&#8221; el_id=&#8221;materialna&#8221;][vc_column]<div class=\"title-center\"><div class=\"dt-title-wrapper section-title-big style-2\"><h2 class=\"section-title\">DAROWIZNA MATERIALNA<\/h2><svg class=\"zigzag\" version=\"1.1\" xmlns=\"http:\/\/www.w3.org\/2000\/svg\" xmlns:xlink=\"http:\/\/www.w3.org\/1999\/xlink\" preserveAspectRatio=\"xMidYMid meet\" viewBox=\"0 0 90 8\" width=\"90\" height=\"8\"><defs><path d=\"M90 8L82.5 0L75 8L67.5 0L60 8L52.5 0L45 8L37.5 0L30 8L22.5 0L15 8L7.5 0L0 8\" id=\"a6L8UcKib\"><\/path><\/defs><g><g><use xlink:href=\"#a6L8UcKib\" opacity=\"1\" fill-opacity=\"0\" stroke=\"#000000\" stroke-width=\"1\" stroke-opacity=\"1\"><\/use><\/g><\/g><\/svg><h4 class=\"section-tagline\">Darowizna materialna lub nieodp\u0142atnie wykonana us\u0142uga na rzecz podopiecznych fundacji pozwala nam zaoszcz\u0119dzi\u0107 pieni\u0105dze na realizacj\u0119 nowych projekt\u00f3w.<\/h4><\/div><\/div>[vc_column_text]<\/p>\n<p style=\"text-align: center;\">Zastanawiasz si\u0119 jak nam pom\u00f3c, pomo\u017cemy Ci trafi\u0107 w nasze potrzeby.<br \/>\nHere is a list of what we need:<\/p>\n<p>[\/vc_column_text][vc_empty_space height=&#8221;10&#8243;][vc_row_inner css=&#8221;.vc_custom_1552508660218{padding-top: 30px !important;}&#8221;][vc_column_inner width=&#8221;1\/4&#8243; dt_animation=&#8221;wow fadeInUp&#8221;]<div class=\"dt-service-elem content-left square bold-fill wow fadeInUp\" data-wow-delay=\"0.3s\"><div class=\"dt-service-icon\"><img decoding=\"async\" src=\"https:\/\/uskrzydleni.com\/wp-content\/uploads\/2019\/03\/artykuly_szkolne.svg\" class=\"attachment-full\" alt=\"\" \/><\/div><div class=\"dt-service-content\"><p>school, office and stationery supplies<\/p><\/div><\/div>[\/vc_column_inner][vc_column_inner width=&#8221;1\/4&#8243; dt_animation=&#8221;wow fadeInUp&#8221; dt_animation_delay=&#8221;0.3&#8243;]<div class=\"dt-service-elem content-left square bold-fill wow fadeInUp\" data-wow-delay=\"0.3s\"><div class=\"dt-service-icon\"><img decoding=\"async\" src=\"https:\/\/uskrzydleni.com\/wp-content\/uploads\/2019\/03\/higieniczne.svg\" class=\"attachment-full\" alt=\"\" \/><\/div><div class=\"dt-service-content\"><p>hygienic articles<\/p><\/div><\/div>[\/vc_column_inner][vc_column_inner width=&#8221;1\/4&#8243; dt_animation=&#8221;wow fadeInUp&#8221; dt_animation_delay=&#8221;0.6&#8243;]<div class=\"dt-service-elem content-left square bold-fill wow fadeInUp\" data-wow-delay=\"0.3s\"><div class=\"dt-service-icon\"><img decoding=\"async\" src=\"https:\/\/uskrzydleni.com\/wp-content\/uploads\/2019\/03\/sportowe.svg\" class=\"attachment-full\" alt=\"\" \/><\/div><div class=\"dt-service-content\"><p>sports and survival articles<\/p><\/div><\/div>[\/vc_column_inner][vc_column_inner width=&#8221;1\/4&#8243; dt_animation=&#8221;wow fadeInUp&#8221; dt_animation_delay=&#8221;0.9&#8243;]<div class=\"dt-service-elem content-left square bold-fill wow fadeInUp\" data-wow-delay=\"0.3s\"><div class=\"dt-service-icon\"><img decoding=\"async\" src=\"https:\/\/uskrzydleni.com\/wp-content\/uploads\/2019\/03\/wyposazenie_wnetrz.svg\" class=\"attachment-full\" alt=\"\" \/><\/div><div class=\"dt-service-content\"><p>renovation and interior design items<\/p><\/div><\/div>[\/vc_column_inner][\/vc_row_inner][vc_row_inner css=&#8221;.vc_custom_1552148758061{padding-bottom: 30px !important;}&#8221;][vc_column_inner width=&#8221;1\/4&#8243; dt_animation=&#8221;wow fadeInUp&#8221; dt_animation_delay=&#8221;1.2&#8243;]<div class=\"dt-service-elem content-left square bold-fill wow fadeInUp\" data-wow-delay=\"0.6s\"><div class=\"dt-service-icon\"><img decoding=\"async\" src=\"https:\/\/uskrzydleni.com\/wp-content\/uploads\/2019\/03\/ubrania.svg\" class=\"attachment-full\" alt=\"\" \/><\/div><div class=\"dt-service-content\"><p>new clothes and shoes<\/p><\/div><\/div>[\/vc_column_inner][vc_column_inner width=&#8221;1\/4&#8243; dt_animation=&#8221;wow fadeInUp&#8221; dt_animation_delay=&#8221;1.5&#8243;]<div class=\"dt-service-elem content-left square bold-fill wow fadeInUp\" data-wow-delay=\"0.6s\"><div class=\"dt-service-icon\"><img decoding=\"async\" src=\"https:\/\/uskrzydleni.com\/wp-content\/uploads\/2019\/03\/transport.svg\" class=\"attachment-full\" alt=\"\" \/><\/div><div class=\"dt-service-content\"><p>transport<\/p><\/div><\/div>[\/vc_column_inner][vc_column_inner width=&#8221;1\/4&#8243; dt_animation=&#8221;wow fadeInUp&#8221; dt_animation_delay=&#8221;1.8&#8243;]<div class=\"dt-service-elem content-left square bold-fill wow fadeInUp\" data-wow-delay=\"0.6s\"><div class=\"dt-service-icon\"><img decoding=\"async\" src=\"https:\/\/uskrzydleni.com\/wp-content\/uploads\/2019\/03\/bilety.svg\" class=\"attachment-full\" alt=\"\" \/><\/div><div class=\"dt-service-content\"><p>free tickets \/ tickets to cultural and sports facilities<\/p><\/div><\/div>[\/vc_column_inner][vc_column_inner width=&#8221;1\/4&#8243; dt_animation=&#8221;wow fadeInUp&#8221; dt_animation_delay=&#8221;2.1&#8243;]<div class=\"dt-service-elem content-left square bold-fill wow fadeInUp\" data-wow-delay=\"0.6s\"><div class=\"dt-service-icon\"><img decoding=\"async\" src=\"https:\/\/uskrzydleni.com\/wp-content\/uploads\/2019\/03\/remont.svg\" class=\"attachment-full\" alt=\"\" \/><\/div><div class=\"dt-service-content\"><p>building and renovation services<\/p><\/div><\/div>[\/vc_column_inner][\/vc_row_inner][\/vc_column][\/vc_row][vc_row full_width=&#8221;stretch_row&#8221; parallax=&#8221;content-moving&#8221; parallax_image=&#8221;888&#8243; css=&#8221;.vc_custom_1552155478641{padding-top: 80px !important;padding-bottom: 80px !important;}&#8221; dt_color=&#8221;#ffffff&#8221; dt_color_opacity=&#8221;80&#8243; el_id=&#8221;payroll&#8221;][vc_column]<div class=\"title-center\"><div class=\"dt-title-wrapper section-title-big style-2\"><h2 class=\"section-title\">PAYROLL<\/h2><svg class=\"zigzag\" version=\"1.1\" xmlns=\"http:\/\/www.w3.org\/2000\/svg\" xmlns:xlink=\"http:\/\/www.w3.org\/1999\/xlink\" preserveAspectRatio=\"xMidYMid meet\" viewBox=\"0 0 90 8\" width=\"90\" height=\"8\"><defs><path d=\"M90 8L82.5 0L75 8L67.5 0L60 8L52.5 0L45 8L37.5 0L30 8L22.5 0L15 8L7.5 0L0 8\" id=\"a6L8UcKib\"><\/path><\/defs><g><g><use xlink:href=\"#a6L8UcKib\" opacity=\"1\" fill-opacity=\"0\" stroke=\"#000000\" stroke-width=\"1\" stroke-opacity=\"1\"><\/use><\/g><\/g><\/svg><h4 class=\"section-tagline\">Payroll to spos\u00f3b na bezpo\u015brednie zaanga\u017cowanie firmy i pracownik\u00f3w w dzia\u0142ania na rzecz Fundacji Uskrzydleni.<\/h4><\/div><\/div>[vc_column_text]<\/p>\n<p style=\"text-align: center;\">The essence of the program is regularity, which allows us to provide long-term help. Every zloty counts!<\/p>\n<p style=\"text-align: center;\">The employee contribution program, otherwise known as payroll, is a voluntary financial support for a social goal chosen by an employee. Payroll consists in monthly transfers of a declared amount from a salary. An employee may at any time change the amount of support, as well as resign from participation in the program<\/p>\n<p style=\"text-align: center;\">By giving employees a chance to get involved in helping, you promote a culture of corporate social responsibility. Employees who want to help specifically and regularly, can do it in an easy and long-term way, without having to remember about monthly payments.<\/p>\n<p>[\/vc_column_text][vc_empty_space height=&#8221;10&#8243;][\/vc_column][\/vc_row]<\/p>\n","protected":false},"excerpt":{"rendered":"<p>[vc_row full_width=&#8221;stretch_row_content_no_spaces&#8221; css=&#8221;.vc_custom_1552146106551{padding-top: 100px !important;padding-bottom: 60px !important;background-image: url(https:\/\/uskrzydleni.com\/wp-content\/uploads\/2019\/03\/image-from-rawpixel-id-385522-jpeg-\u2014-kopia.jpg?id=836) !important;}&#8221;][vc_column][vc_column_text] FORMS OF SUPPORT Companies [\/vc_column_text][\/vc_column][\/vc_row][vc_row css=&#8221;.vc_custom_1552147367489{padding-top: 80px !important;padding-bottom: 80px&#8230; <a class=\"excerpt-read-more\" href=\"https:\/\/uskrzydleni.com\/en\/logosliderwp\/pepco\/\"><span>Read More<\/span><\/a><\/p>\n","protected":false},"author":1,"featured_media":0,"parent":0,"menu_order":0,"comment_status":"closed","ping_status":"closed","template":"template-homepage.php","meta":{"footnotes":""},"_links":{"self":[{"href":"https:\/\/uskrzydleni.com\/en\/wp-json\/wp\/v2\/pages\/1460"}],"collection":[{"href":"https:\/\/uskrzydleni.com\/en\/wp-json\/wp\/v2\/pages"}],"about":[{"href":"https:\/\/uskrzydleni.com\/en\/wp-json\/wp\/v2\/types\/page"}],"author":[{"embeddable":true,"href":"https:\/\/uskrzydleni.com\/en\/wp-json\/wp\/v2\/users\/1"}],"replies":[{"embeddable":true,"href":"https:\/\/uskrzydleni.com\/en\/wp-json\/wp\/v2\/comments?post=1460"}],"version-history":[{"count":0,"href":"https:\/\/uskrzydleni.com\/en\/wp-json\/wp\/v2\/pages\/1460\/revisions"}],"wp:attachment":[{"href":"https:\/\/uskrzydleni.com\/en\/wp-json\/wp\/v2\/media?parent=1460"}],"curies":[{"name":"wp","href":"https:\/\/api.w.org\/{rel}","templated":true}]}}